{"id":462,"date":"2021-09-14T12:07:19","date_gmt":"2021-09-14T10:07:19","guid":{"rendered":"https:\/\/mtb-club-konstanz.de\/?page_id=462"},"modified":"2026-04-16T23:16:52","modified_gmt":"2026-04-16T21:16:52","slug":"join","status":"publish","type":"page","link":"https:\/\/mtb-club-konstanz.de\/?page_id=462","title":{"rendered":"Join"},"content":{"rendered":"\t\t<div data-elementor-type=\"wp-page\" data-elementor-id=\"462\" class=\"elementor elementor-462\">\n\t\t\t\t\t\t<section class=\"elementor-section elementor-top-section elementor-element elementor-element-69b58561 elementor-section-boxed elementor-section-height-default elementor-section-height-default\" data-id=\"69b58561\" data-element_type=\"section\" data-settings=\"{&quot;background_background&quot;:&quot;classic&quot;}\">\n\t\t\t\t\t\t\t<div class=\"elementor-background-overlay\"><\/div>\n\t\t\t\t\t\t\t<div class=\"elementor-container elementor-column-gap-extended\">\n\t\t\t\t\t<div class=\"elementor-column elementor-col-100 elementor-top-column elementor-element elementor-element-25d873a9\" data-id=\"25d873a9\" data-element_type=\"column\">\n\t\t\t<div class=\"elementor-widget-wrap elementor-element-populated\">\n\t\t\t\t\t\t<div class=\"elementor-element elementor-element-5776afad elementor-widget elementor-widget-text-editor\" data-id=\"5776afad\" data-element_type=\"widget\" data-widget_type=\"text-editor.default\">\n\t\t\t\t<div class=\"elementor-widget-container\">\n\t\t\t\t\t\t\t\t\t<p>Sei Dabei<\/p>\t\t\t\t\t\t\t\t<\/div>\n\t\t\t\t<\/div>\n\t\t\t\t<div class=\"elementor-element elementor-element-329e5a8b elementor-widget elementor-widget-zapedah-title\" data-id=\"329e5a8b\" data-element_type=\"widget\" data-widget_type=\"zapedah-title.default\">\n\t\t\t\t<div class=\"elementor-widget-container\">\n\t\t\t\t\t<h2 class=\"content-title\">Werde Mitglied<span>.<\/span><\/h2>\t\t\t\t<\/div>\n\t\t\t\t<\/div>\n\t\t\t\t\t<\/div>\n\t\t<\/div>\n\t\t\t\t\t<\/div>\n\t\t<\/section>\n\t\t\t\t<section class=\"elementor-section elementor-top-section elementor-element elementor-element-a8e7ba5 elementor-section-boxed elementor-section-height-default elementor-section-height-default\" data-id=\"a8e7ba5\" data-element_type=\"section\">\n\t\t\t\t\t\t<div class=\"elementor-container elementor-column-gap-default\">\n\t\t\t\t\t<div class=\"elementor-column elementor-col-100 elementor-top-column elementor-element elementor-element-7fdcb87\" data-id=\"7fdcb87\" data-element_type=\"column\">\n\t\t\t<div class=\"elementor-widget-wrap elementor-element-populated\">\n\t\t\t\t\t\t<div class=\"elementor-element elementor-element-469966a elementor-widget elementor-widget-zapedah-title\" data-id=\"469966a\" data-element_type=\"widget\" data-widget_type=\"zapedah-title.default\">\n\t\t\t\t<div class=\"elementor-widget-container\">\n\t\t\t\t\t<h1 class=\"content-title\">Werde jetzt <b>Mitglied <\/b> und unterst\u00fctze uns bei unseren Projekten<span>.<\/span><\/h1>\t\t\t\t<\/div>\n\t\t\t\t<\/div>\n\t\t\t\t\t<\/div>\n\t\t<\/div>\n\t\t\t\t\t<\/div>\n\t\t<\/section>\n\t\t\t\t<section class=\"elementor-section elementor-top-section elementor-element elementor-element-23ed1682 elementor-section-content-middle elementor-section-boxed elementor-section-height-default elementor-section-height-default\" data-id=\"23ed1682\" data-element_type=\"section\">\n\t\t\t\t\t\t<div class=\"elementor-container elementor-column-gap-extended\">\n\t\t\t\t\t<div class=\"elementor-column elementor-col-50 elementor-top-column elementor-element elementor-element-42a1a8f\" data-id=\"42a1a8f\" data-element_type=\"column\">\n\t\t\t<div class=\"elementor-widget-wrap elementor-element-populated\">\n\t\t\t\t\t\t<div class=\"elementor-element elementor-element-54ce4838 elementor-widget elementor-widget-text-editor\" data-id=\"54ce4838\" data-element_type=\"widget\" data-widget_type=\"text-editor.default\">\n\t\t\t\t<div class=\"elementor-widget-container\">\n\t\t\t\t\t\t\t\t\t<p>Der Mitgliedsbeitrag wird gem\u00e4\u00df Beitragsordnung erhoben.<\/p><p>F\u00fcr das Jahr <b>2026<\/b>\u00a0gelten die Beitr\u00e4ge wie folgt:<\/p><p><br \/><br \/><\/p><ul><li style=\"list-style-type: none;\"><ul><li><strong>Vollmitglied: 90 Euro<\/strong><\/li><li><strong>minderj\u00e4hriges Mitglied: 60 Euro<\/strong><\/li><li><strong>Studenten \/ Auszubildende: 55 Euro<\/strong><\/li><li><strong>Familienmitgliedschaft pro Elternteil 65 Euro &amp; pro Kind 45 Euro<\/strong><\/li><\/ul><\/li><\/ul><p>\u00a0<\/p><p>Rund ein Drittel des Jahresbeitrag flie\u00dfen an den Badischen Radsport-Verband e.V. \u00a0&#8211; als Gegenleistung erh\u00e4lt unser Verein bei Vereins- und Trainingsaktivit\u00e4ten einen Versicherungsschutz f\u00fcr die Teilnehmer. Bei Fragen zum Versicherungsschutz komme gern auf uns zu.<\/p><p><br \/><br \/><\/p><p>Einzugsdatum ist der jeweilige 15.04. des dann laufenden Beitragsjahres.<\/p>\t\t\t\t\t\t\t\t<\/div>\n\t\t\t\t<\/div>\n\t\t\t\t<div class=\"elementor-element elementor-element-52c77d8 elementor-align-center elementor-widget elementor-widget-button\" data-id=\"52c77d8\" data-element_type=\"widget\" data-widget_type=\"button.default\">\n\t\t\t\t<div class=\"elementor-widget-container\">\n\t\t\t\t\t\t\t\t\t<div class=\"elementor-button-wrapper\">\n\t\t\t\t\t<a class=\"elementor-button elementor-button-link elementor-size-sm\" href=\"https:\/\/mtb-club-konstanz.de\/wp-content\/uploads\/2021\/09\/Satzung_MTB-Club-Konstanz_e_V_ohne_Unterschriften.pdf\" id=\"satzung\">\n\t\t\t\t\t\t<span class=\"elementor-button-content-wrapper\">\n\t\t\t\t\t\t\t\t\t<span class=\"elementor-button-text\">Unsere Satzung<\/span>\n\t\t\t\t\t<\/span>\n\t\t\t\t\t<\/a>\n\t\t\t\t<\/div>\n\t\t\t\t\t\t\t\t<\/div>\n\t\t\t\t<\/div>\n\t\t\t\t\t<\/div>\n\t\t<\/div>\n\t\t\t\t<div class=\"elementor-column elementor-col-50 elementor-top-column elementor-element elementor-element-63288c73\" data-id=\"63288c73\" data-element_type=\"column\" data-settings=\"{&quot;background_background&quot;:&quot;classic&quot;}\">\n\t\t\t<div class=\"elementor-widget-wrap elementor-element-populated\">\n\t\t\t\t\t<div class=\"elementor-background-overlay\"><\/div>\n\t\t\t\t\t\t<div class=\"elementor-element elementor-element-9f0236d elementor-widget elementor-widget-text-editor\" data-id=\"9f0236d\" data-element_type=\"widget\" data-widget_type=\"text-editor.default\">\n\t\t\t\t<div class=\"elementor-widget-container\">\n\t\t\t\t\t\t\t\t\t<p><strong>Nutze unseren digitalen Mitgliedsantrag \u00fcber unser <em>Mein Verein<\/em> Portal. Bei Fragen oder Problemen schreib uns eine E-Mail an info@mtb-club-konstanz.de<\/strong><\/p>\t\t\t\t\t\t\t\t<\/div>\n\t\t\t\t<\/div>\n\t\t\t\t<div class=\"elementor-element elementor-element-1900069 elementor-align-center elementor-widget elementor-widget-button\" data-id=\"1900069\" data-element_type=\"widget\" data-widget_type=\"button.default\">\n\t\t\t\t<div class=\"elementor-widget-container\">\n\t\t\t\t\t\t\t\t\t<div class=\"elementor-button-wrapper\">\n\t\t\t\t\t<a class=\"elementor-button elementor-button-link elementor-size-sm\" href=\"https:\/\/web.meinverein.de\/profile\/49391\/member-request-application\" target=\"_blank\" rel=\"nofollow\">\n\t\t\t\t\t\t<span class=\"elementor-button-content-wrapper\">\n\t\t\t\t\t\t\t\t\t<span class=\"elementor-button-text\">Zum Mitgliedsantrag<\/span>\n\t\t\t\t\t<\/span>\n\t\t\t\t\t<\/a>\n\t\t\t\t<\/div>\n\t\t\t\t\t\t\t\t<\/div>\n\t\t\t\t<\/div>\n\t\t\t\t<section class=\"elementor-section elementor-inner-section elementor-element elementor-element-a608b0c elementor-section-boxed elementor-section-height-default elementor-section-height-default\" data-id=\"a608b0c\" data-element_type=\"section\">\n\t\t\t\t\t\t<div class=\"elementor-container elementor-column-gap-default\">\n\t\t\t\t\t<div class=\"elementor-column elementor-col-50 elementor-inner-column elementor-element elementor-element-0a03910\" data-id=\"0a03910\" data-element_type=\"column\">\n\t\t\t<div class=\"elementor-widget-wrap elementor-element-populated\">\n\t\t\t\t\t\t<div class=\"elementor-element elementor-element-b92aa04 elementor-widget elementor-widget-text-editor\" data-id=\"b92aa04\" data-element_type=\"widget\" data-widget_type=\"text-editor.default\">\n\t\t\t\t<div class=\"elementor-widget-container\">\n\t\t\t\t\t\t\t\t\t<p><strong>Du bist bereits Mitglied und willst deine Daten aktualiseren? Dann geht&#8217;s hier zum <a href=\"https:\/\/web.meinverein.de\/profile\/49391\" target=\"_blank\" rel=\"noopener\">Vereinsportal<\/a>.<\/strong><\/p>\t\t\t\t\t\t\t\t<\/div>\n\t\t\t\t<\/div>\n\t\t\t\t\t<\/div>\n\t\t<\/div>\n\t\t\t\t<div class=\"elementor-column elementor-col-50 elementor-inner-column elementor-element elementor-element-40f7d43\" data-id=\"40f7d43\" data-element_type=\"column\">\n\t\t\t<div class=\"elementor-widget-wrap elementor-element-populated\">\n\t\t\t\t\t\t<div class=\"elementor-element elementor-element-ccdd821 elementor-widget elementor-widget-image\" data-id=\"ccdd821\" data-element_type=\"widget\" data-widget_type=\"image.default\">\n\t\t\t\t<div class=\"elementor-widget-container\">\n\t\t\t\t\t\t\t\t\t\t\t\t\t\t\t<img decoding=\"async\" width=\"148\" height=\"148\" src=\"https:\/\/mtb-club-konstanz.de\/wp-content\/uploads\/2025\/06\/QR-Code_Profil_Mein_Verein.png\" class=\"attachment-large size-large wp-image-6202\" alt=\"\" \/>\t\t\t\t\t\t\t\t\t\t\t\t\t\t\t<\/div>\n\t\t\t\t<\/div>\n\t\t\t\t\t<\/div>\n\t\t<\/div>\n\t\t\t\t\t<\/div>\n\t\t<\/section>\n\t\t\t\t<section class=\"elementor-section elementor-inner-section elementor-element elementor-element-40249e5 elementor-section-boxed elementor-section-height-default elementor-section-height-default\" data-id=\"40249e5\" data-element_type=\"section\">\n\t\t\t\t\t\t<div class=\"elementor-container elementor-column-gap-default\">\n\t\t\t\t\t<div class=\"elementor-column elementor-col-100 elementor-inner-column elementor-element elementor-element-20d9d96\" data-id=\"20d9d96\" data-element_type=\"column\">\n\t\t\t<div class=\"elementor-widget-wrap elementor-element-populated\">\n\t\t\t\t\t\t<div class=\"elementor-element elementor-element-f91f0c3 elementor-widget elementor-widget-text-editor\" data-id=\"f91f0c3\" data-element_type=\"widget\" data-widget_type=\"text-editor.default\">\n\t\t\t\t<div class=\"elementor-widget-container\">\n\t\t\t\t\t\t\t\t\t<p><strong>Familienmitgliedschaft:<\/strong><\/p>\n<p>Bitte meldet jedes Familienmitglied separat \u00fcber den Mitgliedsantrag an und gebt jeweils Familienmitgliedschaft an. Wir hinterlegen die jeweiligen Beitr\u00e4ge der Familienmitgliedschaft dann bei einem Elternteil. Schreibt uns gerne eine E-Mail, falls ihr dazu fragen habt.<\/p>\n<p><strong>Ausl\u00e4ndisches (Schweizer) Konto:<\/strong><\/p>\n<p>Ein Einzug mit SEPA Mandat ist f\u00fcr ausl\u00e4ndische Konten \u00fcber unser System nicht m\u00f6glich. Daher in diesem Fall bitte &#8222;per Rechnung&#8220; ausw\u00e4hlen und die IBAN Eingabe \u00fcberspringen.<\/p>\n<p><strong>&nbsp;<\/strong><\/p>\t\t\t\t\t\t\t\t<\/div>\n\t\t\t\t<\/div>\n\t\t\t\t\t<\/div>\n\t\t<\/div>\n\t\t\t\t\t<\/div>\n\t\t<\/section>\n\t\t\t\t<div class=\"elementor-element elementor-element-1f0820db elementor-widget elementor-widget-zapedah-contact\" data-id=\"1f0820db\" data-element_type=\"widget\" data-widget_type=\"zapedah-contact.default\">\n\t\t\t\t<div class=\"elementor-widget-container\">\n\t\t\t\t\t\t\t<div class=\"zapedah-contact-shortcode\"><p hidden>[disabled\/contact-form-7 id=\"465\" title=\"Mitglied\"]<\/div>\r\n\t\t\t\t\t<\/div>\n\t\t\t\t<\/div>\n\t\t\t\t\t<\/div>\n\t\t<\/div>\n\t\t\t\t\t<\/div>\n\t\t<\/section>\n\t\t\t\t<\/div>\n\t\t","protected":false},"excerpt":{"rendered":"<p>Sei Dabei Werde Mitglied. Werde jetzt Mitglied und unterst\u00fctze uns bei unseren Projekten. Der Mitgliedsbeitrag wird gem\u00e4\u00df Beitragsordnung erhoben. F\u00fcr das Jahr 2026\u00a0gelten die Beitr\u00e4ge wie folgt: Vollmitglied: 90 Euro minderj\u00e4hriges Mitglied: 60 Euro Studenten \/ Auszubildende: 55 Euro Familienmitgliedschaft pro Elternteil 65 Euro &amp; pro Kind 45 Euro \u00a0 Rund ein Drittel des Jahresbeitrag flie\u00dfen an den Badischen Radsport-Verband &hellip;<\/p>\n","protected":false},"author":1,"featured_media":0,"parent":0,"menu_order":0,"comment_status":"closed","ping_status":"closed","template":"blank-builder.php","meta":{"footnotes":""},"_links":{"self":[{"href":"https:\/\/mtb-club-konstanz.de\/index.php?rest_route=\/wp\/v2\/pages\/462"}],"collection":[{"href":"https:\/\/mtb-club-konstanz.de\/index.php?rest_route=\/wp\/v2\/pages"}],"about":[{"href":"https:\/\/mtb-club-konstanz.de\/index.php?rest_route=\/wp\/v2\/types\/page"}],"author":[{"embeddable":true,"href":"https:\/\/mtb-club-konstanz.de\/index.php?rest_route=\/wp\/v2\/users\/1"}],"replies":[{"embeddable":true,"href":"https:\/\/mtb-club-konstanz.de\/index.php?rest_route=%2Fwp%2Fv2%2Fcomments&post=462"}],"version-history":[{"count":72,"href":"https:\/\/mtb-club-konstanz.de\/index.php?rest_route=\/wp\/v2\/pages\/462\/revisions"}],"predecessor-version":[{"id":6674,"href":"https:\/\/mtb-club-konstanz.de\/index.php?rest_route=\/wp\/v2\/pages\/462\/revisions\/6674"}],"wp:attachment":[{"href":"https:\/\/mtb-club-konstanz.de\/index.php?rest_route=%2Fwp%2Fv2%2Fmedia&parent=462"}],"curies":[{"name":"wp","href":"https:\/\/api.w.org\/{rel}","templated":true}]}}