{"id":5811,"date":"2024-10-21T19:03:55","date_gmt":"2024-10-21T17:03:55","guid":{"rendered":"https:\/\/mtb-club-konstanz.de\/?page_id=5811"},"modified":"2025-04-08T14:54:40","modified_gmt":"2025-04-08T12:54:40","slug":"ausfahrten-events","status":"publish","type":"page","link":"https:\/\/mtb-club-konstanz.de\/?page_id=5811","title":{"rendered":"Ausfahrten \/ Trainings"},"content":{"rendered":"\t\t<div data-elementor-type=\"wp-page\" data-elementor-id=\"5811\" class=\"elementor elementor-5811\">\n\t\t\t\t\t\t<section class=\"elementor-section elementor-top-section elementor-element elementor-element-467a6651 elementor-section-boxed elementor-section-height-default elementor-section-height-default\" data-id=\"467a6651\" data-element_type=\"section\" data-settings=\"{&quot;background_background&quot;:&quot;classic&quot;,&quot;shape_divider_bottom&quot;:&quot;mountains&quot;}\">\n\t\t\t\t\t\t\t<div class=\"elementor-background-overlay\"><\/div>\n\t\t\t\t\t\t<div class=\"elementor-shape elementor-shape-bottom\" data-negative=\"false\">\n\t\t\t<svg xmlns=\"http:\/\/www.w3.org\/2000\/svg\" viewBox=\"0 0 1000 100\" preserveAspectRatio=\"none\">\n\t<path class=\"elementor-shape-fill\" opacity=\"0.33\" d=\"M473,67.3c-203.9,88.3-263.1-34-320.3,0C66,119.1,0,59.7,0,59.7V0h1000v59.7 c0,0-62.1,26.1-94.9,29.3c-32.8,3.3-62.8-12.3-75.8-22.1C806,49.6,745.3,8.7,694.9,4.7S492.4,59,473,67.3z\"\/>\n\t<path class=\"elementor-shape-fill\" opacity=\"0.66\" d=\"M734,67.3c-45.5,0-77.2-23.2-129.1-39.1c-28.6-8.7-150.3-10.1-254,39.1 s-91.7-34.4-149.2,0C115.7,118.3,0,39.8,0,39.8V0h1000v36.5c0,0-28.2-18.5-92.1-18.5C810.2,18.1,775.7,67.3,734,67.3z\"\/>\n\t<path class=\"elementor-shape-fill\" d=\"M766.1,28.9c-200-57.5-266,65.5-395.1,19.5C242,1.8,242,5.4,184.8,20.6C128,35.8,132.3,44.9,89.9,52.5C28.6,63.7,0,0,0,0 h1000c0,0-9.9,40.9-83.6,48.1S829.6,47,766.1,28.9z\"\/>\n<\/svg>\t\t<\/div>\n\t\t\t\t\t<div class=\"elementor-container elementor-column-gap-extended\">\n\t\t\t\t\t<div class=\"elementor-column elementor-col-100 elementor-top-column elementor-element elementor-element-1407d48\" data-id=\"1407d48\" data-element_type=\"column\">\n\t\t\t<div class=\"elementor-widget-wrap elementor-element-populated\">\n\t\t\t\t\t\t<div class=\"elementor-element elementor-element-2e97afb elementor-widget elementor-widget-text-editor\" data-id=\"2e97afb\" data-element_type=\"widget\" data-widget_type=\"text-editor.default\">\n\t\t\t\t<div class=\"elementor-widget-container\">\n\t\t\t\t\t\t\t\t\t<p>Let&#8217;s ride together!<\/p>\t\t\t\t\t\t\t\t<\/div>\n\t\t\t\t<\/div>\n\t\t\t\t<div class=\"elementor-element elementor-element-6af85eca elementor-widget elementor-widget-zapedah-title\" data-id=\"6af85eca\" data-element_type=\"widget\" data-widget_type=\"zapedah-title.default\">\n\t\t\t\t<div class=\"elementor-widget-container\">\n\t\t\t\t\t<h2 class=\"content-title\">News des Ausfahrtenteams<span>.<\/span><\/h2>\t\t\t\t<\/div>\n\t\t\t\t<\/div>\n\t\t\t\t\t<\/div>\n\t\t<\/div>\n\t\t\t\t\t<\/div>\n\t\t<\/section>\n\t\t\t\t<section class=\"elementor-section elementor-top-section elementor-element elementor-element-079340a elementor-section-boxed elementor-section-height-default elementor-section-height-default\" data-id=\"079340a\" data-element_type=\"section\" data-settings=\"{&quot;background_background&quot;:&quot;gradient&quot;}\">\n\t\t\t\t\t\t<div class=\"elementor-container elementor-column-gap-default\">\n\t\t\t\t\t<div class=\"elementor-column elementor-col-100 elementor-top-column elementor-element elementor-element-f91c2a4\" data-id=\"f91c2a4\" data-element_type=\"column\">\n\t\t\t<div class=\"elementor-widget-wrap elementor-element-populated\">\n\t\t\t\t\t\t<div class=\"elementor-element elementor-element-03e6116 elementor-widget elementor-widget-html\" data-id=\"03e6116\" data-element_type=\"widget\" data-widget_type=\"html.default\">\n\t\t\t\t<div class=\"elementor-widget-container\">\n\t\t\t\t\t<iframe id=\"Iframe\" height=\"600px\" src=\"https:\/\/docs.google.com\/document\/d\/e\/2PACX-1vTdpjSB32M0EGlXIAwiGdS-ca_NeNklhtELWb-ALHJ6VdAdEsHPpgV0fgVB9S8wi4dlbUGIoQWiKKpl\/pub?embedded=true\" >\n<\/iframe>\t\t\t\t<\/div>\n\t\t\t\t<\/div>\n\t\t\t\t\t<\/div>\n\t\t<\/div>\n\t\t\t\t\t<\/div>\n\t\t<\/section>\n\t\t\t\t<section class=\"elementor-section elementor-top-section elementor-element elementor-element-c70b7aa elementor-section-boxed elementor-section-height-default elementor-section-height-default\" data-id=\"c70b7aa\" data-element_type=\"section\">\n\t\t\t\t\t\t<div class=\"elementor-container elementor-column-gap-default\">\n\t\t\t\t\t<div class=\"elementor-column elementor-col-100 elementor-top-column elementor-element elementor-element-ac15af4\" data-id=\"ac15af4\" data-element_type=\"column\">\n\t\t\t<div class=\"elementor-widget-wrap elementor-element-populated\">\n\t\t\t\t\t\t<div class=\"elementor-element elementor-element-73a92fa elementor-widget elementor-widget-zapedah-title\" data-id=\"73a92fa\" data-element_type=\"widget\" data-widget_type=\"zapedah-title.default\">\n\t\t\t\t<div class=\"elementor-widget-container\">\n\t\t\t\t\t<h2 class=\"content-title\">Ausfahrten und Trainings <span>FAQ<\/span><\/h2>\t\t\t\t<\/div>\n\t\t\t\t<\/div>\n\t\t\t\t\t<\/div>\n\t\t<\/div>\n\t\t\t\t\t<\/div>\n\t\t<\/section>\n\t\t\t\t<section class=\"elementor-section elementor-top-section elementor-element elementor-element-e9c57d0 elementor-section-boxed elementor-section-height-default elementor-section-height-default\" data-id=\"e9c57d0\" data-element_type=\"section\">\n\t\t\t\t\t\t<div class=\"elementor-container elementor-column-gap-default\">\n\t\t\t\t\t<div class=\"elementor-column elementor-col-100 elementor-top-column elementor-element elementor-element-0c99906\" data-id=\"0c99906\" data-element_type=\"column\">\n\t\t\t<div class=\"elementor-widget-wrap elementor-element-populated\">\n\t\t\t\t\t\t<div class=\"elementor-element elementor-element-2c17076 elementor-widget elementor-widget-google-sheets-accordion\" data-id=\"2c17076\" data-element_type=\"widget\" data-widget_type=\"google-sheets-accordion.default\">\n\t\t\t\t<div class=\"elementor-widget-container\">\n\t\t\t\t\t<div class=\"elementor-accordion\" id=\"google-sheets-accordion\">                    <div class=\"elementor-accordion-item\">\r\n                        <!-- Accordion Title (question) -->\r\n                        <div class=\"elementor-tab-title\" data-tab=\"0\">\r\n                            Ich w\u00fcrde gerne einmal gemeinsam mit Vereinsmitgliedern Rad fahren \u2013 in\nKonstanz oder auch gerne woanders.                        <\/div>\r\n                        <!-- Accordion Content (answer) -->\r\n                        <div class=\"elementor-tab-content\" data-tab=\"0\" style=\"display: none;\">\r\n                            Das klingt wunderbar! Schau doch einfach in unseren Kalender, dort findest du alle geplanten Ausfahrten. Au\u00dferdem bieten wir (wetterabh\u00e4ngig) von April bis Oktober jeden Mittwoch eine Ausfahrt an. Wenn du daran teilnehmen m\u00f6chtest, melde dich gerne in unserer WhatsApp-Gruppe an, um alle Infos zu erhalten.                        <\/div>\r\n                    <\/div>\r\n                    <hr>\r\n                                    <div class=\"elementor-accordion-item\">\r\n                        <!-- Accordion Title (question) -->\r\n                        <div class=\"elementor-tab-title\" data-tab=\"1\">\r\n                            Ich w\u00fcrde mich gerne in einem Fahrtechniktraining verbessern                        <\/div>\r\n                        <!-- Accordion Content (answer) -->\r\n                        <div class=\"elementor-tab-content\" data-tab=\"1\" style=\"display: none;\">\r\n                            Wir organisieren jedes Jahr kostenlose Refresher- und Einsteigertrainings f\u00fcr unsere Mitglieder, sie werden im Kalender ver\u00f6ffentlicht. Wenn du an einem anderen Training interessiert bist, kannst du dich gerne mit deinen konkreten W\u00fcnschen und Ideen bei uns melden!                        <\/div>\r\n                    <\/div>\r\n                    <hr>\r\n                                    <div class=\"elementor-accordion-item\">\r\n                        <!-- Accordion Title (question) -->\r\n                        <div class=\"elementor-tab-title\" data-tab=\"2\">\r\n                            Ich w\u00fcrde gerne Trainer werden \u2013 unterst\u00fctzt mich der Verein?                        <\/div>\r\n                        <!-- Accordion Content (answer) -->\r\n                        <div class=\"elementor-tab-content\" data-tab=\"2\" style=\"display: none;\">\r\n                            Ja, wir unterst\u00fctzen angehende Trainer auch finanziell. Melde dich einfach bei uns, und wir besprechen alles Weitere!                        <\/div>\r\n                    <\/div>\r\n                    <hr>\r\n                                    <div class=\"elementor-accordion-item\">\r\n                        <!-- Accordion Title (question) -->\r\n                        <div class=\"elementor-tab-title\" data-tab=\"3\">\r\n                            Ich m\u00f6chte eine Ausfahrt f\u00fcr andere Mitglieder anbieten bzw. etwas\norganisieren. Darf ich das?                        <\/div>\r\n                        <!-- Accordion Content (answer) -->\r\n                        <div class=\"elementor-tab-content\" data-tab=\"3\" style=\"display: none;\">\r\n                            Sehr gerne! Wir freuen uns \u00fcber solche Initiativen. Melde dich bei uns, und wir helfen dir bei der Organisation und dem Eintrag im Kalender.                        <\/div>\r\n                    <\/div>\r\n                    <hr>\r\n                                    <div class=\"elementor-accordion-item\">\r\n                        <!-- Accordion Title (question) -->\r\n                        <div class=\"elementor-tab-title\" data-tab=\"4\">\r\n                            Ich w\u00fcrde euch gerne bei der Ausfahrtplanung unterst\u00fctzen oder habe noch weitere Ideen. Kann ich mich einbringen?                        <\/div>\r\n                        <!-- Accordion Content (answer) -->\r\n                        <div class=\"elementor-tab-content\" data-tab=\"4\" style=\"display: none;\">\r\n                            Auf jeden Fall! Wir freuen uns \u00fcber jedes Engagement. Melde dich einfach bei uns, und wir besprechen, wie du dich einbringen kannst.                        <\/div>\r\n                    <\/div>\r\n                    <hr>\r\n                <\/div>\t\t\t\t<\/div>\n\t\t\t\t<\/div>\n\t\t\t\t\t<\/div>\n\t\t<\/div>\n\t\t\t\t\t<\/div>\n\t\t<\/section>\n\t\t\t\t<\/div>\n\t\t","protected":false},"excerpt":{"rendered":"<p>Let&#8217;s ride together! News des Ausfahrtenteams. Ausfahrten und Trainings FAQ Ich w\u00fcrde gerne einmal gemeinsam mit Vereinsmitgliedern Rad fahren \u2013 in Konstanz oder auch gerne woanders. Das klingt wunderbar! Schau doch einfach in unseren Kalender, dort findest du alle geplanten Ausfahrten. Au\u00dferdem bieten wir (wetterabh\u00e4ngig) von April bis Oktober jeden Mittwoch eine Ausfahrt an. Wenn du daran teilnehmen m\u00f6chtest, melde &hellip;<\/p>\n","protected":false},"author":1,"featured_media":0,"parent":0,"menu_order":0,"comment_status":"closed","ping_status":"closed","template":"blank-builder.php","meta":{"footnotes":""},"_links":{"self":[{"href":"https:\/\/mtb-club-konstanz.de\/index.php?rest_route=\/wp\/v2\/pages\/5811"}],"collection":[{"href":"https:\/\/mtb-club-konstanz.de\/index.php?rest_route=\/wp\/v2\/pages"}],"about":[{"href":"https:\/\/mtb-club-konstanz.de\/index.php?rest_route=\/wp\/v2\/types\/page"}],"author":[{"embeddable":true,"href":"https:\/\/mtb-club-konstanz.de\/index.php?rest_route=\/wp\/v2\/users\/1"}],"replies":[{"embeddable":true,"href":"https:\/\/mtb-club-konstanz.de\/index.php?rest_route=%2Fwp%2Fv2%2Fcomments&post=5811"}],"version-history":[{"count":33,"href":"https:\/\/mtb-club-konstanz.de\/index.php?rest_route=\/wp\/v2\/pages\/5811\/revisions"}],"predecessor-version":[{"id":6113,"href":"https:\/\/mtb-club-konstanz.de\/index.php?rest_route=\/wp\/v2\/pages\/5811\/revisions\/6113"}],"wp:attachment":[{"href":"https:\/\/mtb-club-konstanz.de\/index.php?rest_route=%2Fwp%2Fv2%2Fmedia&parent=5811"}],"curies":[{"name":"wp","href":"https:\/\/api.w.org\/{rel}","templated":true}]}}