{"id":6141,"date":"2025-05-25T21:37:04","date_gmt":"2025-05-25T19:37:04","guid":{"rendered":"https:\/\/mtb-club-konstanz.de\/?page_id=6141"},"modified":"2025-09-07T22:34:04","modified_gmt":"2025-09-07T20:34:04","slug":"trailmap","status":"publish","type":"page","link":"https:\/\/mtb-club-konstanz.de\/?page_id=6141","title":{"rendered":"Trailmap"},"content":{"rendered":"\t\t<div data-elementor-type=\"wp-page\" data-elementor-id=\"6141\" class=\"elementor elementor-6141\">\n\t\t\t\t\t\t<section class=\"elementor-section elementor-top-section elementor-element elementor-element-e9e6453 elementor-section-boxed elementor-section-height-default elementor-section-height-default\" data-id=\"e9e6453\" data-element_type=\"section\">\n\t\t\t\t\t\t<div class=\"elementor-container elementor-column-gap-default\">\n\t\t\t\t\t<div class=\"elementor-column elementor-col-100 elementor-top-column elementor-element elementor-element-69e73b7\" data-id=\"69e73b7\" data-element_type=\"column\">\n\t\t\t<div class=\"elementor-widget-wrap elementor-element-populated\">\n\t\t\t\t\t\t<div class=\"elementor-element elementor-element-a78a855 elementor-widget elementor-widget-text-editor\" data-id=\"a78a855\" data-element_type=\"widget\" data-widget_type=\"text-editor.default\">\n\t\t\t\t<div class=\"elementor-widget-container\">\n\t\t\t\t\t\t\t\t\t<p><strong>Die Trailmap in Konstanz. Hier findet ihr die \u00dcbersicht der legalisierten MTB Trails in Konstanz:<\/strong><\/p>\t\t\t\t\t\t\t\t<\/div>\n\t\t\t\t<\/div>\n\t\t\t\t\t<\/div>\n\t\t<\/div>\n\t\t\t\t\t<\/div>\n\t\t<\/section>\n\t\t\t\t<section class=\"elementor-section elementor-top-section elementor-element elementor-element-e7fa0a8 elementor-section-boxed elementor-section-height-default elementor-section-height-default\" data-id=\"e7fa0a8\" data-element_type=\"section\">\n\t\t\t\t\t\t<div class=\"elementor-container elementor-column-gap-default\">\n\t\t\t\t\t<div class=\"elementor-column elementor-col-100 elementor-top-column elementor-element elementor-element-b208163\" data-id=\"b208163\" data-element_type=\"column\">\n\t\t\t<div class=\"elementor-widget-wrap elementor-element-populated\">\n\t\t\t\t\t\t<div class=\"elementor-element elementor-element-8440155 elementor-widget elementor-widget-html\" data-id=\"8440155\" data-element_type=\"widget\" data-widget_type=\"html.default\">\n\t\t\t\t<div class=\"elementor-widget-container\">\n\t\t\t\t\t<iframe width=\"100%\" height=\"800px\" frameborder=\"0\" allowfullscreen allow=\"geolocation\" src=\"\/\/umap.openstreetmap.de\/de\/map\/mtb-trail-map-konstanz_87782?scaleControl=false&miniMap=false&scrollWheelZoom=false&zoomControl=true&editMode=disabled&moreControl=true&searchControl=null&tilelayersControl=null&embedControl=null&datalayersControl=true&onLoadPanel=none&captionBar=false&captionMenus=true\"><\/iframe><p><a href=\"\/\/umap.openstreetmap.de\/de\/map\/mtb-trail-map-konstanz_74767?scaleControl=false&miniMap=false&scrollWheelZoom=true&zoomControl=true&editMode=disabled&moreControl=true&searchControl=null&tilelayersControl=null&embedControl=null&datalayersControl=true&onLoadPanel=none&captionBar=false&captionMenus=true\">Vollbildanzeige<\/a><\/p>\t\t\t\t<\/div>\n\t\t\t\t<\/div>\n\t\t\t\t\t<\/div>\n\t\t<\/div>\n\t\t\t\t\t<\/div>\n\t\t<\/section>\n\t\t\t\t<section class=\"elementor-section elementor-top-section elementor-element elementor-element-92af7db elementor-section-boxed elementor-section-height-default elementor-section-height-default\" data-id=\"92af7db\" data-element_type=\"section\">\n\t\t\t\t\t\t<div class=\"elementor-container elementor-column-gap-default\">\n\t\t\t\t\t<div class=\"elementor-column elementor-col-100 elementor-top-column elementor-element elementor-element-549c4fa\" data-id=\"549c4fa\" data-element_type=\"column\">\n\t\t\t<div class=\"elementor-widget-wrap elementor-element-populated\">\n\t\t\t\t\t\t<section class=\"elementor-section elementor-inner-section elementor-element elementor-element-4ec049d elementor-section-boxed elementor-section-height-default elementor-section-height-default\" data-id=\"4ec049d\" data-element_type=\"section\">\n\t\t\t\t\t\t<div class=\"elementor-container elementor-column-gap-default\">\n\t\t\t\t\t<div class=\"elementor-column elementor-col-50 elementor-inner-column elementor-element elementor-element-f105b03\" data-id=\"f105b03\" data-element_type=\"column\">\n\t\t\t<div class=\"elementor-widget-wrap elementor-element-populated\">\n\t\t\t\t\t\t<div class=\"elementor-element elementor-element-2ca3fcf elementor-widget elementor-widget-text-editor\" data-id=\"2ca3fcf\" data-element_type=\"widget\" data-widget_type=\"text-editor.default\">\n\t\t\t\t<div class=\"elementor-widget-container\">\n\t\t\t\t\t\t\t\t\t<p>Aufgrund des Legalisierungskonzepts der Trails wurden in Absprache der Stadt Konstanz, den beteiligten F\u00f6rstern, Waldeigent\u00fcmern und engagierten Bikern Wege f\u00fcr Radfahrer gesperrt.<\/p><p>Gr\u00fcnde hierf\u00fcr sind:<br \/>&#8211; Naturschutz\u00a0<br \/>&#8211; R\u00fccksicht auf andere Waldnutzer\u00a0<br \/>&#8211; Verkehrssicherung (u. a. umst\u00fcrzende B\u00e4ume)\u00a0<br \/>&#8211; Interessen der Waldbesitzer\u00a0<\/p><p>Daher bitten wir euch diese Trails zuk\u00fcnftig nicht zu befahren und die Entscheidungen zu tolerieren! Damit ein Miteinander im Wald funktioniert und Projekte wie dieses nicht durch Einzelpersonen gef\u00e4hrdet werden.<\/p><p>Bitte beachtet die Trail-Prinzipien!<\/p>\t\t\t\t\t\t\t\t<\/div>\n\t\t\t\t<\/div>\n\t\t\t\t\t<\/div>\n\t\t<\/div>\n\t\t\t\t<div class=\"elementor-column elementor-col-50 elementor-inner-column elementor-element elementor-element-fc68e26\" data-id=\"fc68e26\" data-element_type=\"column\">\n\t\t\t<div class=\"elementor-widget-wrap elementor-element-populated\">\n\t\t\t\t\t\t<div class=\"elementor-element elementor-element-409620c elementor-widget elementor-widget-image\" data-id=\"409620c\" data-element_type=\"widget\" data-widget_type=\"image.default\">\n\t\t\t\t<div class=\"elementor-widget-container\">\n\t\t\t\t\t\t\t\t\t\t\t\t\t\t\t<img fetchpriority=\"high\" decoding=\"async\" width=\"576\" height=\"1024\" src=\"https:\/\/mtb-club-konstanz.de\/wp-content\/uploads\/2025\/08\/Trail-Prinzipien-576x1024.png\" class=\"attachment-large size-large wp-image-6252\" alt=\"\" srcset=\"https:\/\/mtb-club-konstanz.de\/wp-content\/uploads\/2025\/08\/Trail-Prinzipien-576x1024.png 576w, https:\/\/mtb-club-konstanz.de\/wp-content\/uploads\/2025\/08\/Trail-Prinzipien-169x300.png 169w, https:\/\/mtb-club-konstanz.de\/wp-content\/uploads\/2025\/08\/Trail-Prinzipien-768x1365.png 768w, https:\/\/mtb-club-konstanz.de\/wp-content\/uploads\/2025\/08\/Trail-Prinzipien-864x1536.png 864w, https:\/\/mtb-club-konstanz.de\/wp-content\/uploads\/2025\/08\/Trail-Prinzipien.png 1080w\" sizes=\"(max-width: 576px) 100vw, 576px\" \/>\t\t\t\t\t\t\t\t\t\t\t\t\t\t\t<\/div>\n\t\t\t\t<\/div>\n\t\t\t\t\t<\/div>\n\t\t<\/div>\n\t\t\t\t\t<\/div>\n\t\t<\/section>\n\t\t\t\t\t<\/div>\n\t\t<\/div>\n\t\t\t\t\t<\/div>\n\t\t<\/section>\n\t\t\t\t<\/div>\n\t\t","protected":false},"excerpt":{"rendered":"<p>Die Trailmap in Konstanz. Hier findet ihr die \u00dcbersicht der legalisierten MTB Trails in Konstanz: Vollbildanzeige Aufgrund des Legalisierungskonzepts der Trails wurden in Absprache der Stadt Konstanz, den beteiligten F\u00f6rstern, Waldeigent\u00fcmern und engagierten Bikern Wege f\u00fcr Radfahrer gesperrt. Gr\u00fcnde hierf\u00fcr sind:&#8211; Naturschutz\u00a0&#8211; R\u00fccksicht auf andere Waldnutzer\u00a0&#8211; Verkehrssicherung (u. a. umst\u00fcrzende B\u00e4ume)\u00a0&#8211; Interessen der Waldbesitzer\u00a0 Daher bitten wir euch diese Trails &hellip;<\/p>\n","protected":false},"author":1,"featured_media":0,"parent":0,"menu_order":0,"comment_status":"closed","ping_status":"closed","template":"blank-builder.php","meta":{"footnotes":""},"_links":{"self":[{"href":"https:\/\/mtb-club-konstanz.de\/index.php?rest_route=\/wp\/v2\/pages\/6141"}],"collection":[{"href":"https:\/\/mtb-club-konstanz.de\/index.php?rest_route=\/wp\/v2\/pages"}],"about":[{"href":"https:\/\/mtb-club-konstanz.de\/index.php?rest_route=\/wp\/v2\/types\/page"}],"author":[{"embeddable":true,"href":"https:\/\/mtb-club-konstanz.de\/index.php?rest_route=\/wp\/v2\/users\/1"}],"replies":[{"embeddable":true,"href":"https:\/\/mtb-club-konstanz.de\/index.php?rest_route=%2Fwp%2Fv2%2Fcomments&post=6141"}],"version-history":[{"count":23,"href":"https:\/\/mtb-club-konstanz.de\/index.php?rest_route=\/wp\/v2\/pages\/6141\/revisions"}],"predecessor-version":[{"id":6270,"href":"https:\/\/mtb-club-konstanz.de\/index.php?rest_route=\/wp\/v2\/pages\/6141\/revisions\/6270"}],"wp:attachment":[{"href":"https:\/\/mtb-club-konstanz.de\/index.php?rest_route=%2Fwp%2Fv2%2Fmedia&parent=6141"}],"curies":[{"name":"wp","href":"https:\/\/api.w.org\/{rel}","templated":true}]}}