{"id":6165,"date":"2025-06-15T14:24:11","date_gmt":"2025-06-15T12:24:11","guid":{"rendered":"https:\/\/mtb-club-konstanz.de\/?page_id=6165"},"modified":"2025-11-02T21:28:13","modified_gmt":"2025-11-02T20:28:13","slug":"schutzkonzept","status":"publish","type":"page","link":"https:\/\/mtb-club-konstanz.de\/?page_id=6165","title":{"rendered":"Schutzkonzept"},"content":{"rendered":"\t\t<div data-elementor-type=\"wp-page\" data-elementor-id=\"6165\" class=\"elementor elementor-6165\">\n\t\t\t\t\t\t<section class=\"elementor-section elementor-top-section elementor-element elementor-element-13d5a29b elementor-section-boxed elementor-section-height-default elementor-section-height-default\" data-id=\"13d5a29b\" data-element_type=\"section\" data-settings=\"{&quot;background_background&quot;:&quot;classic&quot;}\">\n\t\t\t\t\t\t\t<div class=\"elementor-background-overlay\"><\/div>\n\t\t\t\t\t\t\t<div class=\"elementor-container elementor-column-gap-extended\">\n\t\t\t\t\t<div class=\"elementor-column elementor-col-100 elementor-top-column elementor-element elementor-element-5ef493fb\" data-id=\"5ef493fb\" data-element_type=\"column\">\n\t\t\t<div class=\"elementor-widget-wrap elementor-element-populated\">\n\t\t\t\t\t\t<div class=\"elementor-element elementor-element-641ef4b2 elementor-widget elementor-widget-zapedah-title\" data-id=\"641ef4b2\" data-element_type=\"widget\" data-widget_type=\"zapedah-title.default\">\n\t\t\t\t<div class=\"elementor-widget-container\">\n\t\t\t\t\t<h2 class=\"content-title\">Schutzkonzept<span>.<\/span><\/h2>\t\t\t\t<\/div>\n\t\t\t\t<\/div>\n\t\t\t\t\t<\/div>\n\t\t<\/div>\n\t\t\t\t\t<\/div>\n\t\t<\/section>\n\t\t\t\t<section class=\"elementor-section elementor-top-section elementor-element elementor-element-3965ad0 elementor-section-boxed elementor-section-height-default elementor-section-height-default\" data-id=\"3965ad0\" data-element_type=\"section\">\n\t\t\t\t\t\t<div class=\"elementor-container elementor-column-gap-default\">\n\t\t\t\t\t<div class=\"elementor-column elementor-col-100 elementor-top-column elementor-element elementor-element-4dc905b\" data-id=\"4dc905b\" data-element_type=\"column\">\n\t\t\t<div class=\"elementor-widget-wrap elementor-element-populated\">\n\t\t\t\t\t\t<div class=\"elementor-element elementor-element-2662310 elementor-widget elementor-widget-text-editor\" data-id=\"2662310\" data-element_type=\"widget\" data-widget_type=\"text-editor.default\">\n\t\t\t\t<div class=\"elementor-widget-container\">\n\t\t\t\t\t\t\t\t\t<p>Der Mountainbike Club Konstanz e.V. f\u00f6rdert und unterst\u00fctzt Ma\u00dfnahmen gegen sexualisierte Gewalt. F\u00fcr seine haupt- und ehrenamtliche Mitarbeiter des Kinder- und Jugendbereichs bietet er qualifizierte Aus- und Fortbildungsangebote an, um diese auf einen aktiven Schutz der Minderj\u00e4hrigen vorzubereiten.<\/p><p>Neben dem Schutz der Kinder, Jugendlichen und jungen Erwachsenen vor sexualisierter Gewalt bekennt sich der Mountainbike Club Konstanz e.V. ebenfalls zum Schutz gegen jegliche Form der Gewalt an Personen.<\/p>\t\t\t\t\t\t\t\t<\/div>\n\t\t\t\t<\/div>\n\t\t\t\t\t<\/div>\n\t\t<\/div>\n\t\t\t\t\t<\/div>\n\t\t<\/section>\n\t\t\t\t<section class=\"elementor-section elementor-top-section elementor-element elementor-element-b2f9dd2 elementor-section-boxed elementor-section-height-default elementor-section-height-default\" data-id=\"b2f9dd2\" data-element_type=\"section\">\n\t\t\t\t\t\t<div class=\"elementor-container elementor-column-gap-default\">\n\t\t\t\t\t<div class=\"elementor-column elementor-col-25 elementor-top-column elementor-element elementor-element-4b39295\" data-id=\"4b39295\" data-element_type=\"column\">\n\t\t\t<div class=\"elementor-widget-wrap elementor-element-populated\">\n\t\t\t\t\t\t<div class=\"elementor-element elementor-element-ee0133f elementor-widget elementor-widget-zapedah-team\" data-id=\"ee0133f\" data-element_type=\"widget\" data-widget_type=\"zapedah-team.default\">\n\t\t\t\t<div class=\"elementor-widget-container\">\n\t\t\t\t\t<div class=\"clearfix\">\r\n    <div class=\"port-inner team-innerbox\">\r\n        <div class=\"port-box\"><\/div>\r\n        <div class=\"port-img width-img img-bg\"\r\n            style=\"background-image:url(https:\/\/mtb-club-konstanz.de\/wp-content\/uploads\/2025\/11\/IMG-20250903-WA0001.jpg);\"><\/div>\r\n        <div class=\"img-mask\"><\/div>\r\n\t\t<ul class=\"team-sicon\">\r\n\t\t\t\t\t\t<li>\r\n\t\t\t\t<a href=\"mailto:sofie.erath@gmx.de\" class=\"elementor-icon elementor-social-icon elementor-social-icon-envelope elementor-animation-push elementor-repeater-item-ff09abc\" target=\"_blank\">\r\n\t\t\t\t\t<span class=\"elementor-screen-only\">Envelope<\/span>\r\n\t\t\t\t\t<i class=\"far fa-envelope\"><\/i>\t\t\t\t<\/a>\r\n\t\t\t<\/li>\r\n\t\t\t\r\n\r\n\r\n\t\t<\/ul>\r\n    <\/div>\r\n    <div class=\"team-box\">\r\n        <div class=\"team-box-relative\">\r\n            <h3 >Sofie Erath<\/h3>\r\n            <p >Schutzbeauftragte<\/p>\r\n       \r\n        <\/div>\r\n    <\/div>\r\n<\/div>\r\n\r\n\t\t\t\t<\/div>\n\t\t\t\t<\/div>\n\t\t\t\t\t<\/div>\n\t\t<\/div>\n\t\t\t\t<div class=\"elementor-column elementor-col-25 elementor-top-column elementor-element elementor-element-55f05c7\" data-id=\"55f05c7\" data-element_type=\"column\">\n\t\t\t<div class=\"elementor-widget-wrap elementor-element-populated\">\n\t\t\t\t\t\t<div class=\"elementor-element elementor-element-b95d4fd elementor-widget elementor-widget-zapedah-team\" data-id=\"b95d4fd\" data-element_type=\"widget\" data-widget_type=\"zapedah-team.default\">\n\t\t\t\t<div class=\"elementor-widget-container\">\n\t\t\t\t\t<div class=\"clearfix\">\r\n    <div class=\"port-inner team-innerbox\">\r\n        <div class=\"port-box\"><\/div>\r\n        <div class=\"port-img width-img img-bg\"\r\n            style=\"background-image:url(https:\/\/mtb-club-konstanz.de\/wp-content\/uploads\/2025\/11\/IMG-20251019-WA0020-scaled-e1762115021936.jpg);\"><\/div>\r\n        <div class=\"img-mask\"><\/div>\r\n\t\t<ul class=\"team-sicon\">\r\n\t\t\t\t\t\t<li>\r\n\t\t\t\t<a href=\"mailto:sascha.doerr@gmx.de\" class=\"elementor-icon elementor-social-icon elementor-social-icon-envelope elementor-animation-push elementor-repeater-item-ff09abc\" target=\"_blank\">\r\n\t\t\t\t\t<span class=\"elementor-screen-only\">Envelope<\/span>\r\n\t\t\t\t\t<i class=\"far fa-envelope\"><\/i>\t\t\t\t<\/a>\r\n\t\t\t<\/li>\r\n\t\t\t\r\n\r\n\r\n\t\t<\/ul>\r\n    <\/div>\r\n    <div class=\"team-box\">\r\n        <div class=\"team-box-relative\">\r\n            <h3 >Sascha D\u00f6rr<\/h3>\r\n            <p >Schutzbeauftragter<\/p>\r\n       \r\n        <\/div>\r\n    <\/div>\r\n<\/div>\r\n\r\n\t\t\t\t<\/div>\n\t\t\t\t<\/div>\n\t\t\t\t\t<\/div>\n\t\t<\/div>\n\t\t\t\t<div class=\"elementor-column elementor-col-25 elementor-top-column elementor-element elementor-element-da1bb3a\" data-id=\"da1bb3a\" data-element_type=\"column\">\n\t\t\t<div class=\"elementor-widget-wrap\">\n\t\t\t\t\t\t\t<\/div>\n\t\t<\/div>\n\t\t\t\t<div class=\"elementor-column elementor-col-25 elementor-top-column elementor-element elementor-element-c461720\" data-id=\"c461720\" data-element_type=\"column\">\n\t\t\t<div class=\"elementor-widget-wrap\">\n\t\t\t\t\t\t\t<\/div>\n\t\t<\/div>\n\t\t\t\t\t<\/div>\n\t\t<\/section>\n\t\t\t\t<section class=\"elementor-section elementor-top-section elementor-element elementor-element-48d3ea5 elementor-section-boxed elementor-section-height-default elementor-section-height-default\" data-id=\"48d3ea5\" data-element_type=\"section\" data-settings=\"{&quot;background_background&quot;:&quot;classic&quot;}\">\n\t\t\t\t\t\t<div class=\"elementor-container elementor-column-gap-default\">\n\t\t\t\t\t<div class=\"elementor-column elementor-col-100 elementor-top-column elementor-element elementor-element-2d9e150\" data-id=\"2d9e150\" data-element_type=\"column\">\n\t\t\t<div class=\"elementor-widget-wrap elementor-element-populated\">\n\t\t\t\t\t\t<div class=\"elementor-element elementor-element-791413b elementor-icon-list--layout-traditional elementor-list-item-link-full_width elementor-widget elementor-widget-icon-list\" data-id=\"791413b\" data-element_type=\"widget\" data-widget_type=\"icon-list.default\">\n\t\t\t\t<div class=\"elementor-widget-container\">\n\t\t\t\t\t\t\t<ul class=\"elementor-icon-list-items\">\n\t\t\t\t\t\t\t<li class=\"elementor-icon-list-item\">\n\t\t\t\t\t\t\t\t\t\t\t<a href=\"https:\/\/mtb-club-konstanz.de\/wp-content\/uploads\/2025\/06\/Schutzkonzept_MTB-Club-Konstanz.pdf\" target=\"_blank\" rel=\"nofollow\">\n\n\t\t\t\t\t\t\t\t\t\t\t\t<span class=\"elementor-icon-list-icon\">\n\t\t\t\t\t\t\t<i aria-hidden=\"true\" class=\"far fa-file-pdf\"><\/i>\t\t\t\t\t\t<\/span>\n\t\t\t\t\t\t\t\t\t\t<span class=\"elementor-icon-list-text\">Schutzkonzept des Mountainbike Clubs Konstanz e.V.<\/span>\n\t\t\t\t\t\t\t\t\t\t\t<\/a>\n\t\t\t\t\t\t\t\t\t<\/li>\n\t\t\t\t\t\t\t\t<li class=\"elementor-icon-list-item\">\n\t\t\t\t\t\t\t\t\t\t\t<a href=\"https:\/\/mtb-club-konstanz.de\/wp-content\/uploads\/2025\/06\/Anlage_1_Beratungsstellen.pdf\" target=\"_blank\" rel=\"nofollow\">\n\n\t\t\t\t\t\t\t\t\t\t\t\t<span class=\"elementor-icon-list-icon\">\n\t\t\t\t\t\t\t<i aria-hidden=\"true\" class=\"far fa-file-pdf\"><\/i>\t\t\t\t\t\t<\/span>\n\t\t\t\t\t\t\t\t\t\t<span class=\"elementor-icon-list-text\">Beratungsstellen<\/span>\n\t\t\t\t\t\t\t\t\t\t\t<\/a>\n\t\t\t\t\t\t\t\t\t<\/li>\n\t\t\t\t\t\t\t\t<li class=\"elementor-icon-list-item\">\n\t\t\t\t\t\t\t\t\t\t\t<a href=\"https:\/\/mtb-club-konstanz.de\/wp-content\/uploads\/2025\/06\/Anlage_3_Vereinbarung_nach_\u00a772a_SGBVIII.pdf\" target=\"_blank\" rel=\"nofollow\">\n\n\t\t\t\t\t\t\t\t\t\t\t\t<span class=\"elementor-icon-list-icon\">\n\t\t\t\t\t\t\t<i aria-hidden=\"true\" class=\"far fa-file-pdf\"><\/i>\t\t\t\t\t\t<\/span>\n\t\t\t\t\t\t\t\t\t\t<span class=\"elementor-icon-list-text\">Vereinbarung mit dem Jugendamt der des Landkreises Konstanz gem. \u00a7 72 a Abs. 4 SBG VIII<\/span>\n\t\t\t\t\t\t\t\t\t\t\t<\/a>\n\t\t\t\t\t\t\t\t\t<\/li>\n\t\t\t\t\t\t\t\t<li class=\"elementor-icon-list-item\">\n\t\t\t\t\t\t\t\t\t\t\t<a href=\"https:\/\/mtb-club-konstanz.de\/wp-content\/uploads\/2025\/06\/Anlage_4_Selbstverpflichtungserklaerung.pdf\" target=\"_blank\" rel=\"nofollow\">\n\n\t\t\t\t\t\t\t\t\t\t\t\t<span class=\"elementor-icon-list-icon\">\n\t\t\t\t\t\t\t<i aria-hidden=\"true\" class=\"far fa-file-pdf\"><\/i>\t\t\t\t\t\t<\/span>\n\t\t\t\t\t\t\t\t\t\t<span class=\"elementor-icon-list-text\">Selbstverpflichtungserkl\u00e4rung<\/span>\n\t\t\t\t\t\t\t\t\t\t\t<\/a>\n\t\t\t\t\t\t\t\t\t<\/li>\n\t\t\t\t\t\t\t\t<li class=\"elementor-icon-list-item\">\n\t\t\t\t\t\t\t\t\t\t\t<a href=\"https:\/\/mtb-club-konstanz.de\/wp-content\/uploads\/2025\/06\/Anlage_5_Ehrenkodex.pdf\" target=\"_blank\" rel=\"nofollow\">\n\n\t\t\t\t\t\t\t\t\t\t\t\t<span class=\"elementor-icon-list-icon\">\n\t\t\t\t\t\t\t<i aria-hidden=\"true\" class=\"far fa-file-pdf\"><\/i>\t\t\t\t\t\t<\/span>\n\t\t\t\t\t\t\t\t\t\t<span class=\"elementor-icon-list-text\">Ehrenkodex<\/span>\n\t\t\t\t\t\t\t\t\t\t\t<\/a>\n\t\t\t\t\t\t\t\t\t<\/li>\n\t\t\t\t\t\t\t\t<li class=\"elementor-icon-list-item\">\n\t\t\t\t\t\t\t\t\t\t\t<a href=\"https:\/\/mtb-club-konstanz.de\/wp-content\/uploads\/2025\/06\/Anlage_6_Krisenplan.pdf\" target=\"_blank\" rel=\"nofollow\">\n\n\t\t\t\t\t\t\t\t\t\t\t\t<span class=\"elementor-icon-list-icon\">\n\t\t\t\t\t\t\t<i aria-hidden=\"true\" class=\"far fa-file-pdf\"><\/i>\t\t\t\t\t\t<\/span>\n\t\t\t\t\t\t\t\t\t\t<span class=\"elementor-icon-list-text\">Krisenplan des Mountainbike Club Konstanz e.V.<\/span>\n\t\t\t\t\t\t\t\t\t\t\t<\/a>\n\t\t\t\t\t\t\t\t\t<\/li>\n\t\t\t\t\t\t<\/ul>\n\t\t\t\t\t\t<\/div>\n\t\t\t\t<\/div>\n\t\t\t\t\t<\/div>\n\t\t<\/div>\n\t\t\t\t\t<\/div>\n\t\t<\/section>\n\t\t\t\t<\/div>\n\t\t","protected":false},"excerpt":{"rendered":"<p>Schutzkonzept. Der Mountainbike Club Konstanz e.V. f\u00f6rdert und unterst\u00fctzt Ma\u00dfnahmen gegen sexualisierte Gewalt. F\u00fcr seine haupt- und ehrenamtliche Mitarbeiter des Kinder- und Jugendbereichs bietet er qualifizierte Aus- und Fortbildungsangebote an, um diese auf einen aktiven Schutz der Minderj\u00e4hrigen vorzubereiten. Neben dem Schutz der Kinder, Jugendlichen und jungen Erwachsenen vor sexualisierter Gewalt bekennt sich der Mountainbike Club Konstanz e.V. ebenfalls zum &hellip;<\/p>\n","protected":false},"author":1,"featured_media":0,"parent":0,"menu_order":0,"comment_status":"closed","ping_status":"closed","template":"blank-builder.php","meta":{"footnotes":""},"_links":{"self":[{"href":"https:\/\/mtb-club-konstanz.de\/index.php?rest_route=\/wp\/v2\/pages\/6165"}],"collection":[{"href":"https:\/\/mtb-club-konstanz.de\/index.php?rest_route=\/wp\/v2\/pages"}],"about":[{"href":"https:\/\/mtb-club-konstanz.de\/index.php?rest_route=\/wp\/v2\/types\/page"}],"author":[{"embeddable":true,"href":"https:\/\/mtb-club-konstanz.de\/index.php?rest_route=\/wp\/v2\/users\/1"}],"replies":[{"embeddable":true,"href":"https:\/\/mtb-club-konstanz.de\/index.php?rest_route=%2Fwp%2Fv2%2Fcomments&post=6165"}],"version-history":[{"count":23,"href":"https:\/\/mtb-club-konstanz.de\/index.php?rest_route=\/wp\/v2\/pages\/6165\/revisions"}],"predecessor-version":[{"id":6455,"href":"https:\/\/mtb-club-konstanz.de\/index.php?rest_route=\/wp\/v2\/pages\/6165\/revisions\/6455"}],"wp:attachment":[{"href":"https:\/\/mtb-club-konstanz.de\/index.php?rest_route=%2Fwp%2Fv2%2Fmedia&parent=6165"}],"curies":[{"name":"wp","href":"https:\/\/api.w.org\/{rel}","templated":true}]}}