{"id":744,"date":"2021-09-15T23:23:36","date_gmt":"2021-09-15T21:23:36","guid":{"rendered":"https:\/\/mtb-club-konstanz.de\/?page_id=744"},"modified":"2026-02-22T20:10:31","modified_gmt":"2026-02-22T19:10:31","slug":"impressum","status":"publish","type":"page","link":"https:\/\/mtb-club-konstanz.de\/?page_id=744","title":{"rendered":"Impressum"},"content":{"rendered":"\t\t<div data-elementor-type=\"wp-page\" data-elementor-id=\"744\" class=\"elementor elementor-744\">\n\t\t\t\t\t\t<section class=\"elementor-section elementor-top-section elementor-element elementor-element-13d5a29b elementor-section-boxed elementor-section-height-default elementor-section-height-default\" data-id=\"13d5a29b\" data-element_type=\"section\" data-settings=\"{&quot;background_background&quot;:&quot;classic&quot;}\">\n\t\t\t\t\t\t\t<div class=\"elementor-background-overlay\"><\/div>\n\t\t\t\t\t\t\t<div class=\"elementor-container elementor-column-gap-extended\">\n\t\t\t\t\t<div class=\"elementor-column elementor-col-100 elementor-top-column elementor-element elementor-element-5ef493fb\" data-id=\"5ef493fb\" data-element_type=\"column\">\n\t\t\t<div class=\"elementor-widget-wrap elementor-element-populated\">\n\t\t\t\t\t\t<div class=\"elementor-element elementor-element-641ef4b2 elementor-widget elementor-widget-zapedah-title\" data-id=\"641ef4b2\" data-element_type=\"widget\" data-widget_type=\"zapedah-title.default\">\n\t\t\t\t<div class=\"elementor-widget-container\">\n\t\t\t\t\t<h2 class=\"content-title\">Impressum<span>.<\/span><\/h2>\t\t\t\t<\/div>\n\t\t\t\t<\/div>\n\t\t\t\t\t<\/div>\n\t\t<\/div>\n\t\t\t\t\t<\/div>\n\t\t<\/section>\n\t\t\t\t<section class=\"elementor-section elementor-top-section elementor-element elementor-element-7fbc1475 elementor-section-boxed elementor-section-height-default elementor-section-height-default\" data-id=\"7fbc1475\" data-element_type=\"section\">\n\t\t\t\t\t\t<div class=\"elementor-container elementor-column-gap-default\">\n\t\t\t\t\t<div class=\"elementor-column elementor-col-100 elementor-top-column elementor-element elementor-element-bc28c7d\" data-id=\"bc28c7d\" data-element_type=\"column\">\n\t\t\t<div class=\"elementor-widget-wrap elementor-element-populated\">\n\t\t\t\t\t\t<div class=\"elementor-element elementor-element-523c61ca elementor-widget elementor-widget-text-editor\" data-id=\"523c61ca\" data-element_type=\"widget\" data-widget_type=\"text-editor.default\">\n\t\t\t\t<div class=\"elementor-widget-container\">\n\t\t\t\t\t\t\t\t\t<h1>Impressum<\/h1>\n<h2>Angaben gem\u00e4\u00df \u00a7 5 TMG<\/h2>\n<p><strong>Mountainbike Club Konstanz<\/strong><br>c\/o Rocco, Paolo Rossetti<br>Von-Emmich-Str. 3<br>78467 Konstanz<br>Telefon: +49 171 4967176 (Hans Fischer-Sch\u00f6lch)<\/p>\n<p>Registernummer: VR 703281<\/p>\n<p><strong>Vertreten durch:<\/strong><\/p>\n<p>Annika Schoe (1. Vorstand)<br>David Bartholome (2. Vorstand)<br>Hans Fischer-Sch\u00f6lch (3. Vorstand)<br>Lutz Firnkorn&nbsp;(Schriftf\u00fchrer)<\/p>\n<h2>Kontakt<\/h2><p>E-Mail: info@mtb-club-konstanz.de<br>Telefon: +49 171 4967176 (Hans Fischer-Sch\u00f6lch)<\/p><h2>Redaktionell verantwortlich<\/h2>\n<p>Annika Schoe (1. Vorstand)<br>David Bartholome (2. Vorstand)<br>Hans Fischer-Sch\u00f6lch (3. Vorstand)<br>Lutz Firnkorn&nbsp;(Schriftf\u00fchrer)<\/p>\n<p><br><\/p>\t\t\t\t\t\t\t\t<\/div>\n\t\t\t\t<\/div>\n\t\t\t\t\t<\/div>\n\t\t<\/div>\n\t\t\t\t\t<\/div>\n\t\t<\/section>\n\t\t\t\t<\/div>\n\t\t","protected":false},"excerpt":{"rendered":"<p>Impressum. Impressum Angaben gem\u00e4\u00df \u00a7 5 TMG Mountainbike Club Konstanzc\/o Rocco, Paolo RossettiVon-Emmich-Str. 378467 KonstanzTelefon: +49 171 4967176 (Hans Fischer-Sch\u00f6lch) Registernummer: VR 703281 Vertreten durch: Annika Schoe (1. Vorstand)David Bartholome (2. Vorstand)Hans Fischer-Sch\u00f6lch (3. Vorstand)Lutz Firnkorn&nbsp;(Schriftf\u00fchrer) Kontakt E-Mail: info@mtb-club-konstanz.deTelefon: +49 171 4967176 (Hans Fischer-Sch\u00f6lch) Redaktionell verantwortlich Annika Schoe (1. Vorstand)David Bartholome (2. Vorstand)Hans Fischer-Sch\u00f6lch (3. Vorstand)Lutz Firnkorn&nbsp;(Schriftf\u00fchrer)<\/p>\n","protected":false},"author":1,"featured_media":0,"parent":0,"menu_order":0,"comment_status":"closed","ping_status":"open","template":"blank-builder.php","meta":{"footnotes":""},"_links":{"self":[{"href":"https:\/\/mtb-club-konstanz.de\/index.php?rest_route=\/wp\/v2\/pages\/744"}],"collection":[{"href":"https:\/\/mtb-club-konstanz.de\/index.php?rest_route=\/wp\/v2\/pages"}],"about":[{"href":"https:\/\/mtb-club-konstanz.de\/index.php?rest_route=\/wp\/v2\/types\/page"}],"author":[{"embeddable":true,"href":"https:\/\/mtb-club-konstanz.de\/index.php?rest_route=\/wp\/v2\/users\/1"}],"replies":[{"embeddable":true,"href":"https:\/\/mtb-club-konstanz.de\/index.php?rest_route=%2Fwp%2Fv2%2Fcomments&post=744"}],"version-history":[{"count":15,"href":"https:\/\/mtb-club-konstanz.de\/index.php?rest_route=\/wp\/v2\/pages\/744\/revisions"}],"predecessor-version":[{"id":6499,"href":"https:\/\/mtb-club-konstanz.de\/index.php?rest_route=\/wp\/v2\/pages\/744\/revisions\/6499"}],"wp:attachment":[{"href":"https:\/\/mtb-club-konstanz.de\/index.php?rest_route=%2Fwp%2Fv2%2Fmedia&parent=744"}],"curies":[{"name":"wp","href":"https:\/\/api.w.org\/{rel}","templated":true}]}}